{"id":90,"date":"2025-04-29T11:00:30","date_gmt":"2025-04-29T09:00:30","guid":{"rendered":"https:\/\/vinabric.click.si\/?page_id=90"},"modified":"2025-09-30T11:30:16","modified_gmt":"2025-09-30T09:30:16","slug":"vinska-klet","status":"publish","type":"page","link":"https:\/\/vinabric.com\/it\/vinska-klet\/","title":{"rendered":"La cantina"},"content":{"rendered":"\t\t<div data-elementor-type=\"wp-page\" data-elementor-id=\"90\" class=\"elementor elementor-90\" data-elementor-post-type=\"page\">\n\t\t\t\t<div class=\"elementor-element elementor-element-7df4718 e-flex e-con-boxed e-con e-parent\" data-id=\"7df4718\" data-element_type=\"container\" data-e-type=\"container\">\n\t\t\t\t\t<div class=\"e-con-inner\">\n\t\t\t\t<div class=\"elementor-element elementor-element-3f22d21 elementor-widget__width-initial elementor-widget elementor-widget-text-editor\" data-id=\"3f22d21\" data-element_type=\"widget\" data-e-type=\"widget\" data-widget_type=\"text-editor.default\">\n\t\t\t\t<div class=\"elementor-widget-container\">\n\t\t\t\t\t\t\t\t\t<p><em>V okolju, kjer se tradicija prepleta z modernostjo, obiskovalcem ponujamo vodene oglede posestva in vinske kleti, strokovno vodene degustacije vrhunskih vin ter organizacijo razli\u010dnih dogodkov.<\/em><\/p>\t\t\t\t\t\t\t\t<\/div>\n\t\t\t\t<\/div>\n\t\t\t\t<div class=\"elementor-element elementor-element-ba3adf9 elementor-invisible elementor-widget elementor-widget-image\" data-id=\"ba3adf9\" data-element_type=\"widget\" data-e-type=\"widget\" data-settings=\"{&quot;_animation&quot;:&quot;zoomIn&quot;}\" data-widget_type=\"image.default\">\n\t\t\t\t<div class=\"elementor-widget-container\">\n\t\t\t\t\t\t\t\t\t\t\t\t\t\t\t<img fetchpriority=\"high\" decoding=\"async\" width=\"1500\" height=\"1000\" src=\"https:\/\/vinabric.com\/wp-content\/uploads\/2025\/08\/vina-bric-vinska-klet-00001.jpg\" class=\"attachment-full size-full wp-image-1091\" alt=\"\" srcset=\"https:\/\/vinabric.com\/wp-content\/uploads\/2025\/08\/vina-bric-vinska-klet-00001.jpg 1500w, https:\/\/vinabric.com\/wp-content\/uploads\/2025\/08\/vina-bric-vinska-klet-00001-300x200.jpg 300w, https:\/\/vinabric.com\/wp-content\/uploads\/2025\/08\/vina-bric-vinska-klet-00001-1024x683.jpg 1024w, https:\/\/vinabric.com\/wp-content\/uploads\/2025\/08\/vina-bric-vinska-klet-00001-768x512.jpg 768w, https:\/\/vinabric.com\/wp-content\/uploads\/2025\/08\/vina-bric-vinska-klet-00001-18x12.jpg 18w\" sizes=\"(max-width: 1500px) 100vw, 1500px\" \/>\t\t\t\t\t\t\t\t\t\t\t\t\t\t\t<\/div>\n\t\t\t\t<\/div>\n\t\t\t\t\t<\/div>\n\t\t\t\t<\/div>\n\t\t<div class=\"elementor-element elementor-element-85145af e-flex e-con-boxed e-con e-parent\" data-id=\"85145af\" data-element_type=\"container\" data-e-type=\"container\">\n\t\t\t\t\t<div class=\"e-con-inner\">\n\t\t<div class=\"elementor-element elementor-element-ade8739 e-con-full e-flex e-con e-child\" data-id=\"ade8739\" data-element_type=\"container\" data-e-type=\"container\">\n\t\t\t\t<div class=\"elementor-element elementor-element-684a222 elementor-widget elementor-widget-text-editor\" data-id=\"684a222\" data-element_type=\"widget\" data-e-type=\"widget\" data-widget_type=\"text-editor.default\">\n\t\t\t\t<div class=\"elementor-widget-container\">\n\t\t\t\t\t\t\t\t\t<p>Posestvo je poimenovano po bli\u017enji vzpetini in vasi Bri\u010d. Po na\u010drtih arhitekta Borisa Podrecce smo zgradili eno najsodobnej\u0161ih vinskih kleti z zmogljivostjo 500.000 litrov. V sklopu kleti so tudi lastna polnilna linija in eleganten degustacijski prostor. Klet Bri\u010d sodi med 100 najlep\u0161ih vinskih kleti na svetu.<\/p><p>Na posestvu imamo pribli\u017eno 500 olj\u010dnih dreves, ki jih gojimo na ekolo\u0161ki na\u010din. Iz njih pridelujemo ekolo\u0161ko ekstra devi\u0161ko olj\u010dno olje, hladno stiskano.<\/p><p>Posebnost posestva Bri\u010d je izvir pitne vode, ki naj bi imel zdravilno mo\u010d in obnavljal \u017eivljenjsko energijo.<\/p>\t\t\t\t\t\t\t\t<\/div>\n\t\t\t\t<\/div>\n\t\t\t\t<\/div>\n\t\t<div class=\"elementor-element elementor-element-af94470 e-con-full e-flex e-con e-child\" data-id=\"af94470\" data-element_type=\"container\" data-e-type=\"container\">\n\t\t\t\t<div class=\"elementor-element elementor-element-afaee2a elementor-invisible elementor-widget elementor-widget-image\" data-id=\"afaee2a\" data-element_type=\"widget\" data-e-type=\"widget\" data-settings=\"{&quot;_animation&quot;:&quot;zoomIn&quot;}\" data-widget_type=\"image.default\">\n\t\t\t\t<div class=\"elementor-widget-container\">\n\t\t\t\t\t\t\t\t\t\t\t\t\t\t\t<img decoding=\"async\" width=\"800\" height=\"450\" src=\"https:\/\/vinabric.com\/wp-content\/uploads\/2025\/08\/vina-bric-vinska-klet-00009-1024x576.jpg\" class=\"attachment-large size-large wp-image-1092\" alt=\"\" srcset=\"https:\/\/vinabric.com\/wp-content\/uploads\/2025\/08\/vina-bric-vinska-klet-00009-1024x576.jpg 1024w, https:\/\/vinabric.com\/wp-content\/uploads\/2025\/08\/vina-bric-vinska-klet-00009-300x169.jpg 300w, https:\/\/vinabric.com\/wp-content\/uploads\/2025\/08\/vina-bric-vinska-klet-00009-768x432.jpg 768w, https:\/\/vinabric.com\/wp-content\/uploads\/2025\/08\/vina-bric-vinska-klet-00009-1536x864.jpg 1536w, https:\/\/vinabric.com\/wp-content\/uploads\/2025\/08\/vina-bric-vinska-klet-00009-18x10.jpg 18w, https:\/\/vinabric.com\/wp-content\/uploads\/2025\/08\/vina-bric-vinska-klet-00009.jpg 1778w\" sizes=\"(max-width: 800px) 100vw, 800px\" \/>\t\t\t\t\t\t\t\t\t\t\t\t\t\t\t<\/div>\n\t\t\t\t<\/div>\n\t\t\t\t<\/div>\n\t\t\t\t\t<\/div>\n\t\t\t\t<\/div>\n\t\t<div class=\"elementor-element elementor-element-18afd6d e-flex e-con-boxed e-con e-parent\" data-id=\"18afd6d\" data-element_type=\"container\" data-e-type=\"container\">\n\t\t\t\t\t<div class=\"e-con-inner\">\n\t\t<div class=\"elementor-element elementor-element-455f395 e-con-full e-flex e-con e-child\" data-id=\"455f395\" data-element_type=\"container\" data-e-type=\"container\" data-settings=\"{&quot;background_background&quot;:&quot;classic&quot;}\">\n\t\t\t\t<div class=\"elementor-element elementor-element-70ef155 elementor-widget elementor-widget-heading\" data-id=\"70ef155\" data-element_type=\"widget\" data-e-type=\"widget\" data-widget_type=\"heading.default\">\n\t\t\t\t<div class=\"elementor-widget-container\">\n\t\t\t\t\t<h2 class=\"elementor-heading-title elementor-size-default\">Degustacijski prostor sprejme do 60 gostov ob mizah ali do 80 v primeru stoje\u010de pogostitve. <\/h2>\t\t\t\t<\/div>\n\t\t\t\t<\/div>\n\t\t\t\t<div class=\"elementor-element elementor-element-99d9f58 elementor-widget elementor-widget-text-editor\" data-id=\"99d9f58\" data-element_type=\"widget\" data-e-type=\"widget\" data-widget_type=\"text-editor.default\">\n\t\t\t\t<div class=\"elementor-widget-container\">\n\t\t\t\t\t\t\t\t\t<p>Ob lepem vremenu je dogodek mogo\u010de izvesti tudi na prostorni zunanji terasi s \u010dudovitim razgledom.<\/p>\t\t\t\t\t\t\t\t<\/div>\n\t\t\t\t<\/div>\n\t\t\t\t<\/div>\n\t\t\t\t\t<\/div>\n\t\t\t\t<\/div>\n\t\t<div class=\"elementor-element elementor-element-4c76950 e-flex e-con-boxed e-con e-parent\" data-id=\"4c76950\" data-element_type=\"container\" data-e-type=\"container\">\n\t\t\t\t\t<div class=\"e-con-inner\">\n\t\t\t\t<div class=\"elementor-element elementor-element-092ee09 elementor-widget elementor-widget-shortcode\" data-id=\"092ee09\" data-element_type=\"widget\" data-e-type=\"widget\" data-widget_type=\"shortcode.default\">\n\t\t\t\t<div class=\"elementor-widget-container\">\n\t\t\t\t\t\t\t<div class=\"elementor-shortcode\"><div  id=\"jtg-1096\" class=\"modula modula-gallery modula-custom-grid\" data-config=\"{&quot;height&quot;:800,&quot;tabletHeight&quot;:800,&quot;mobileHeight&quot;:800,&quot;desktopHeight&quot;:800,&quot;enableTwitter&quot;:false,&quot;enableWhatsapp&quot;:false,&quot;enableFacebook&quot;:false,&quot;enablePinterest&quot;:false,&quot;enableLinkedin&quot;:false,&quot;enableEmail&quot;:false,&quot;randomFactor&quot;:0.5,&quot;type&quot;:&quot;custom-grid&quot;,&quot;columns&quot;:12,&quot;gutter&quot;:10,&quot;mobileGutter&quot;:10,&quot;tabletGutter&quot;:10,&quot;desktopGutter&quot;:10,&quot;enableResponsive&quot;:&quot;0&quot;,&quot;tabletColumns&quot;:2,&quot;mobileColumns&quot;:1,&quot;lazyLoad&quot;:0,&quot;lightboxOpts&quot;:{&quot;animated&quot;:true,&quot;Thumbs&quot;:{&quot;type&quot;:&quot;modern&quot;,&quot;showOnStart&quot;:false},&quot;Toolbar&quot;:{&quot;display&quot;:{&quot;right&quot;:[&quot;close&quot;]},&quot;enabled&quot;:true},&quot;Carousel&quot;:{&quot;Panzoom&quot;:{&quot;touch&quot;:true},&quot;infinite&quot;:false},&quot;keyboard&quot;:{&quot;Escape&quot;:&quot;close&quot;,&quot;Delete&quot;:&quot;close&quot;,&quot;Backspace&quot;:&quot;close&quot;,&quot;PageUp&quot;:false,&quot;PageDown&quot;:false,&quot;ArrowUp&quot;:false,&quot;ArrowDown&quot;:false,&quot;ArrowRight&quot;:false,&quot;ArrowLeft&quot;:false},&quot;touch&quot;:false,&quot;backdropClick&quot;:false,&quot;l10n&quot;:{&quot;CLOSE&quot;:&quot;Close&quot;,&quot;NEXT&quot;:&quot;Next&quot;,&quot;PREV&quot;:&quot;Previous&quot;,&quot;Error&quot;:&quot;The requested content cannot be loaded. Please try again later.&quot;,&quot;PLAY_START&quot;:&quot;Start slideshow&quot;,&quot;PLAY_STOP&quot;:&quot;Pause slideshow&quot;,&quot;FULL_SCREEN&quot;:&quot;Full screen&quot;,&quot;THUMBS&quot;:&quot;Thumbnails&quot;,&quot;DOWNLOAD&quot;:&quot;Download&quot;,&quot;SHARE&quot;:&quot;Share&quot;,&quot;ZOOM&quot;:&quot;Zoom&quot;,&quot;EMAIL&quot;:&quot;Here is the link to the image : %%image_link%% and this is the link to the gallery : %%gallery_link%%&quot;,&quot;MODAL&quot;:&quot;You can close this modal content with the ESC key&quot;,&quot;ERROR&quot;:&quot;Something Went Wrong, Please Try Again Later&quot;,&quot;IMAGE_ERROR&quot;:&quot;Image Not Found&quot;,&quot;ELEMENT_NOT_FOUND&quot;:&quot;HTML Element Not Found&quot;,&quot;AJAX_NOT_FOUND&quot;:&quot;Error Loading AJAX : Not Found&quot;,&quot;AJAX_FORBIDDEN&quot;:&quot;Error Loading AJAX : Forbidden&quot;,&quot;IFRAME_ERROR&quot;:&quot;Error Loading Page&quot;,&quot;TOGGLE_ZOOM&quot;:&quot;Toggle zoom level&quot;,&quot;TOGGLE_THUMBS&quot;:&quot;Toggle thumbnails&quot;,&quot;TOGGLE_SLIDESHOW&quot;:&quot;Toggle slideshow&quot;,&quot;TOGGLE_FULLSCREEN&quot;:&quot;Toggle full-screen mode&quot;},&quot;Images&quot;:{&quot;Panzoom&quot;:{&quot;maxScale&quot;:2}},&quot;mainClass&quot;:&quot;modula-fancybox-container modula-lightbox-jtg-1096&quot;,&quot;Html&quot;:{&quot;videoAutoplay&quot;:0,&quot;videoTpl&quot;:&quot;&lt;video class=\\&quot;fancybox__html5video\\&quot; controls muted playsinline controlsList controlsList=\\&quot;nodownload\\&quot; poster=\\&quot;{{poster}}\\&quot; src=\\&quot;{{src}}\\&quot; type=\\&quot;{{format}}\\&quot; &gt;  Sorry, your browser doesn&#039;t support embedded videos, &lt;a href=\\&quot;{{src}}\\&quot;&gt; download &lt;\\\/a&gt; and watch with your favorite video player! &lt;\\\/video&gt;&quot;}},&quot;inView&quot;:true,&quot;email_subject&quot;:&quot;Check out this awesome image !!&quot;,&quot;email_message&quot;:&quot;Here is the link to the image : %%image_link%% and this is the link to the gallery : %%gallery_link%%&quot;,&quot;lightbox&quot;:&quot;fancybox&quot;}\">\n\n\t\n\t<div  class=\"modula-items\">\n\t\t<div class=\"modula-item effect-pufrobo\" data-width=\"4\" data-height=\"7\" >\n\t<div class=\"modula-item-overlay\"><\/div>\n\n\t<div class=\"modula-item-content\">\n\n\t\t<a data-image-id=\"1097\" role=\"button\" data-elementor-open-lightbox=\"no\" tabindex=\"0\" rel=\"jtg-1096\" data-caption=\"\" aria-label=\"Open image in lightbox\" class=\"tile-inner modula-item-link\"><\/a><img decoding=\"async\" class=\"pic wp-image-1097\"  data-valign=\"middle\" data-halign=\"center\" alt=\"\" data-full=\"https:\/\/vinabric.com\/wp-content\/uploads\/2025\/08\/vina-bric-vinska-klet-00002.jpg\" title=\"vina-bric-vinska-klet-00002\" crop=\"\" width=\"667\" height=\"1000\" src=\"https:\/\/vinabric.com\/wp-content\/uploads\/2025\/08\/vina-bric-vinska-klet-00002.jpg\" data-src=\"https:\/\/vinabric.com\/wp-content\/uploads\/2025\/08\/vina-bric-vinska-klet-00002.jpg\" data-caption=\"\" srcset=\"https:\/\/vinabric.com\/wp-content\/uploads\/2025\/08\/vina-bric-vinska-klet-00002.jpg 667w, https:\/\/vinabric.com\/wp-content\/uploads\/2025\/08\/vina-bric-vinska-klet-00002-200x300.jpg 200w, https:\/\/vinabric.com\/wp-content\/uploads\/2025\/08\/vina-bric-vinska-klet-00002-8x12.jpg 8w\" sizes=\"(max-width: 667px) 100vw, 667px\" \/>\n\t\t<div class=\"figc no-description\">\n\t\t\t<div class=\"figc-inner\">\n\t\t\t\t\t\t\t\t\t\t\t\t\t\t\t<\/div>\n\t\t<\/div>\n\n\t<\/div>\n\n<\/div><div class=\"modula-item effect-pufrobo\" data-width=\"4\" data-height=\"4\" >\n\t<div class=\"modula-item-overlay\"><\/div>\n\n\t<div class=\"modula-item-content\">\n\n\t\t<a data-image-id=\"1098\" role=\"button\" data-elementor-open-lightbox=\"no\" tabindex=\"0\" rel=\"jtg-1096\" data-caption=\"\" aria-label=\"Open image in lightbox\" class=\"tile-inner modula-item-link\"><\/a><img loading=\"lazy\" decoding=\"async\" class=\"pic wp-image-1098\"  data-valign=\"middle\" data-halign=\"center\" alt=\"\" data-full=\"https:\/\/vinabric.com\/wp-content\/uploads\/2025\/08\/vina-bric-vinska-klet-00003.jpg\" title=\"vina-bric-vinska-klet-00003\" crop=\"\" width=\"800\" height=\"534\" src=\"https:\/\/vinabric.com\/wp-content\/uploads\/2025\/08\/vina-bric-vinska-klet-00003-1024x683.jpg\" data-src=\"https:\/\/vinabric.com\/wp-content\/uploads\/2025\/08\/vina-bric-vinska-klet-00003-1024x683.jpg\" data-caption=\"\" srcset=\"https:\/\/vinabric.com\/wp-content\/uploads\/2025\/08\/vina-bric-vinska-klet-00003.jpg 1500w, https:\/\/vinabric.com\/wp-content\/uploads\/2025\/08\/vina-bric-vinska-klet-00003-300x200.jpg 300w, https:\/\/vinabric.com\/wp-content\/uploads\/2025\/08\/vina-bric-vinska-klet-00003-1024x683.jpg 1024w, https:\/\/vinabric.com\/wp-content\/uploads\/2025\/08\/vina-bric-vinska-klet-00003-768x512.jpg 768w, https:\/\/vinabric.com\/wp-content\/uploads\/2025\/08\/vina-bric-vinska-klet-00003-18x12.jpg 18w\" sizes=\"(max-width: 800px) 100vw, 800px\" \/>\n\t\t<div class=\"figc no-description\">\n\t\t\t<div class=\"figc-inner\">\n\t\t\t\t\t\t\t\t\t\t\t\t\t\t\t<\/div>\n\t\t<\/div>\n\n\t<\/div>\n\n<\/div><div class=\"modula-item effect-pufrobo\" data-width=\"4\" data-height=\"3\" >\n\t<div class=\"modula-item-overlay\"><\/div>\n\n\t<div class=\"modula-item-content\">\n\n\t\t<a data-image-id=\"1101\" role=\"button\" data-elementor-open-lightbox=\"no\" tabindex=\"0\" rel=\"jtg-1096\" data-caption=\"\" aria-label=\"Open image in lightbox\" class=\"tile-inner modula-item-link\"><\/a><img loading=\"lazy\" decoding=\"async\" class=\"pic wp-image-1101\"  data-valign=\"middle\" data-halign=\"center\" alt=\"\" data-full=\"https:\/\/vinabric.com\/wp-content\/uploads\/2025\/08\/vina-bric-vinska-klet-00006.jpg\" title=\"vina-bric-vinska-klet-00006\" crop=\"\" width=\"800\" height=\"534\" src=\"https:\/\/vinabric.com\/wp-content\/uploads\/2025\/08\/vina-bric-vinska-klet-00006-1024x683.jpg\" data-src=\"https:\/\/vinabric.com\/wp-content\/uploads\/2025\/08\/vina-bric-vinska-klet-00006-1024x683.jpg\" data-caption=\"\" srcset=\"https:\/\/vinabric.com\/wp-content\/uploads\/2025\/08\/vina-bric-vinska-klet-00006.jpg 1500w, https:\/\/vinabric.com\/wp-content\/uploads\/2025\/08\/vina-bric-vinska-klet-00006-300x200.jpg 300w, https:\/\/vinabric.com\/wp-content\/uploads\/2025\/08\/vina-bric-vinska-klet-00006-1024x683.jpg 1024w, https:\/\/vinabric.com\/wp-content\/uploads\/2025\/08\/vina-bric-vinska-klet-00006-768x512.jpg 768w, https:\/\/vinabric.com\/wp-content\/uploads\/2025\/08\/vina-bric-vinska-klet-00006-18x12.jpg 18w\" sizes=\"(max-width: 800px) 100vw, 800px\" \/>\n\t\t<div class=\"figc no-description\">\n\t\t\t<div class=\"figc-inner\">\n\t\t\t\t\t\t\t\t\t\t\t\t\t\t\t<\/div>\n\t\t<\/div>\n\n\t<\/div>\n\n<\/div><div class=\"modula-item effect-pufrobo\" data-width=\"4\" data-height=\"4\" >\n\t<div class=\"modula-item-overlay\"><\/div>\n\n\t<div class=\"modula-item-content\">\n\n\t\t<a data-image-id=\"1102\" role=\"button\" data-elementor-open-lightbox=\"no\" tabindex=\"0\" rel=\"jtg-1096\" data-caption=\"\" aria-label=\"Open image in lightbox\" class=\"tile-inner modula-item-link\"><\/a><img loading=\"lazy\" decoding=\"async\" class=\"pic wp-image-1102\"  data-valign=\"middle\" data-halign=\"center\" alt=\"\" data-full=\"https:\/\/vinabric.com\/wp-content\/uploads\/2025\/08\/vina-bric-vinska-klet-00007.jpg\" title=\"vina-bric-vinska-klet-00007\" crop=\"\" width=\"800\" height=\"534\" src=\"https:\/\/vinabric.com\/wp-content\/uploads\/2025\/08\/vina-bric-vinska-klet-00007-1024x683.jpg\" data-src=\"https:\/\/vinabric.com\/wp-content\/uploads\/2025\/08\/vina-bric-vinska-klet-00007-1024x683.jpg\" data-caption=\"\" srcset=\"https:\/\/vinabric.com\/wp-content\/uploads\/2025\/08\/vina-bric-vinska-klet-00007.jpg 1500w, https:\/\/vinabric.com\/wp-content\/uploads\/2025\/08\/vina-bric-vinska-klet-00007-300x200.jpg 300w, https:\/\/vinabric.com\/wp-content\/uploads\/2025\/08\/vina-bric-vinska-klet-00007-1024x683.jpg 1024w, https:\/\/vinabric.com\/wp-content\/uploads\/2025\/08\/vina-bric-vinska-klet-00007-768x512.jpg 768w, https:\/\/vinabric.com\/wp-content\/uploads\/2025\/08\/vina-bric-vinska-klet-00007-18x12.jpg 18w\" sizes=\"(max-width: 800px) 100vw, 800px\" \/>\n\t\t<div class=\"figc no-description\">\n\t\t\t<div class=\"figc-inner\">\n\t\t\t\t\t\t\t\t\t\t\t\t\t\t\t<\/div>\n\t\t<\/div>\n\n\t<\/div>\n\n<\/div><div class=\"modula-item effect-pufrobo\" data-width=\"4\" data-height=\"3\" >\n\t<div class=\"modula-item-overlay\"><\/div>\n\n\t<div class=\"modula-item-content\">\n\n\t\t<a data-image-id=\"1103\" role=\"button\" data-elementor-open-lightbox=\"no\" tabindex=\"0\" rel=\"jtg-1096\" data-caption=\"\" aria-label=\"Open image in lightbox\" class=\"tile-inner modula-item-link\"><\/a><img loading=\"lazy\" decoding=\"async\" class=\"pic wp-image-1103\"  data-valign=\"middle\" data-halign=\"center\" alt=\"\" data-full=\"https:\/\/vinabric.com\/wp-content\/uploads\/2025\/08\/vina-bric-vinska-klet-00008.jpg\" title=\"vina-bric-vinska-klet-00008\" crop=\"\" width=\"800\" height=\"534\" src=\"https:\/\/vinabric.com\/wp-content\/uploads\/2025\/08\/vina-bric-vinska-klet-00008-1024x683.jpg\" data-src=\"https:\/\/vinabric.com\/wp-content\/uploads\/2025\/08\/vina-bric-vinska-klet-00008-1024x683.jpg\" data-caption=\"\" srcset=\"https:\/\/vinabric.com\/wp-content\/uploads\/2025\/08\/vina-bric-vinska-klet-00008.jpg 1500w, https:\/\/vinabric.com\/wp-content\/uploads\/2025\/08\/vina-bric-vinska-klet-00008-300x200.jpg 300w, https:\/\/vinabric.com\/wp-content\/uploads\/2025\/08\/vina-bric-vinska-klet-00008-1024x683.jpg 1024w, https:\/\/vinabric.com\/wp-content\/uploads\/2025\/08\/vina-bric-vinska-klet-00008-768x512.jpg 768w, https:\/\/vinabric.com\/wp-content\/uploads\/2025\/08\/vina-bric-vinska-klet-00008-18x12.jpg 18w\" sizes=\"(max-width: 800px) 100vw, 800px\" \/>\n\t\t<div class=\"figc no-description\">\n\t\t\t<div class=\"figc-inner\">\n\t\t\t\t\t\t\t\t\t\t\t\t\t\t\t<\/div>\n\t\t<\/div>\n\n\t<\/div>\n\n<\/div>\t\t\n\t<\/div>\n\n\t\n\t\n\t<script type=\"application\/ld+json\">\n\t{\n\t\t\"@context\": \"http:\/\/schema.org\",\n\t\t\"@type\"   : \"ImageGallery\",\n\t\t\"id\"      : \"https:\/\/vinabric.com\/it\/vinska-klet\/\",\n\t\t\"url\"     : \"https:\/\/vinabric.com\/it\/vinska-klet\/\"\n\t}\n\n\t<\/script>\n\n\t\n<\/div>\n<\/div>\n\t\t\t\t\t\t<\/div>\n\t\t\t\t<\/div>\n\t\t\t\t\t<\/div>\n\t\t\t\t<\/div>\n\t\t<div class=\"elementor-element elementor-element-a9d7c90 e-flex e-con-boxed e-con e-parent\" data-id=\"a9d7c90\" data-element_type=\"container\" data-e-type=\"container\">\n\t\t\t\t\t<div class=\"e-con-inner\">\n\t\t\t\t<div class=\"elementor-element elementor-element-8b7487a elementor-widget__width-initial elementor-widget elementor-widget-text-editor\" data-id=\"8b7487a\" data-element_type=\"widget\" data-e-type=\"widget\" data-widget_type=\"text-editor.default\">\n\t\t\t\t<div class=\"elementor-widget-container\">\n\t\t\t\t\t\t\t\t\t<p>Oglede kleti in degustacije izvajamo po predhodni najavi. <br \/>Za izvedbo ogleda nas prosim kontaktirajte.<\/p>\t\t\t\t\t\t\t\t<\/div>\n\t\t\t\t<\/div>\n\t\t\t\t<div class=\"elementor-element elementor-element-f586bb5 elementor-widget elementor-widget-heading\" data-id=\"f586bb5\" data-element_type=\"widget\" data-e-type=\"widget\" data-widget_type=\"heading.default\">\n\t\t\t\t<div class=\"elementor-widget-container\">\n\t\t\t\t\t<h2 class=\"elementor-heading-title elementor-size-default\">Vljudno vabljeni!<\/h2>\t\t\t\t<\/div>\n\t\t\t\t<\/div>\n\t\t\t\t<div class=\"elementor-element elementor-element-2646918 elementor-view-default elementor-widget elementor-widget-icon\" data-id=\"2646918\" data-element_type=\"widget\" data-e-type=\"widget\" data-widget_type=\"icon.default\">\n\t\t\t\t<div class=\"elementor-widget-container\">\n\t\t\t\t\t\t\t<div class=\"elementor-icon-wrapper\">\n\t\t\t<div class=\"elementor-icon\">\n\t\t\t<svg xmlns=\"http:\/\/www.w3.org\/2000\/svg\" width=\"52\" height=\"40\" viewBox=\"0 0 52 40\" fill=\"none\"><path fill-rule=\"evenodd\" clip-rule=\"evenodd\" d=\"M1.38827 14.1069C2.45326 12.9709 4.23747 12.9134 5.37339 13.9784L26.0001 33.3159L46.6266 13.9784C47.7628 12.9134 49.5469 12.9709 50.6121 14.1069C51.6767 15.2429 51.6192 17.0271 50.4835 18.092L27.9284 39.2375C26.8439 40.2542 25.1563 40.2542 24.0718 39.2375L1.51683 18.092C0.38085 17.0271 0.323335 15.2429 1.38827 14.1069Z\" fill=\"#1E1E1E\"><\/path><path fill-rule=\"evenodd\" clip-rule=\"evenodd\" d=\"M1.38827 0.891099C2.45326 -0.244882 4.23747 -0.302397 5.37339 0.762536L26.0001 20.1001L46.6266 0.762536C47.7628 -0.302397 49.5469 -0.244882 50.6121 0.891099C51.6767 2.02708 51.6192 3.81129 50.4835 4.87623L27.9284 26.0217C26.8439 27.0384 25.1563 27.0384 24.0718 26.0217L1.51683 4.87623C0.38085 3.81129 0.323335 2.02708 1.38827 0.891099Z\" fill=\"#1E1E1E\"><\/path><\/svg>\t\t\t<\/div>\n\t\t<\/div>\n\t\t\t\t\t\t<\/div>\n\t\t\t\t<\/div>\n\t\t\t\t\t<\/div>\n\t\t\t\t<\/div>\n\t\t\t\t<\/div>\n\t\t","protected":false},"excerpt":{"rendered":"<p>V okolju, kjer se tradicija prepleta z modernostjo, obiskovalcem ponujamo vodene oglede posestva in vinske kleti, strokovno vodene degustacije vrhunskih vin ter organizacijo razli\u010dnih dogodkov. Posestvo je poimenovano po bli\u017enji vzpetini in vasi Bri\u010d. Po na\u010drtih arhitekta Borisa Podrecce smo zgradili eno najsodobnej\u0161ih vinskih kleti z zmogljivostjo 500.000 litrov. V sklopu kleti so tudi lastna [&hellip;]<\/p>\n","protected":false},"author":1,"featured_media":0,"parent":0,"menu_order":0,"comment_status":"closed","ping_status":"closed","template":"","meta":{"inline_featured_image":false,"_monsterinsights_skip_tracking":false,"_monsterinsights_sitenote_active":false,"_monsterinsights_sitenote_note":"","_monsterinsights_sitenote_category":0,"footnotes":""},"class_list":["post-90","page","type-page","status-publish","hentry"],"aioseo_notices":[],"_links":{"self":[{"href":"https:\/\/vinabric.com\/it\/wp-json\/wp\/v2\/pages\/90","targetHints":{"allow":["GET"]}}],"collection":[{"href":"https:\/\/vinabric.com\/it\/wp-json\/wp\/v2\/pages"}],"about":[{"href":"https:\/\/vinabric.com\/it\/wp-json\/wp\/v2\/types\/page"}],"author":[{"embeddable":true,"href":"https:\/\/vinabric.com\/it\/wp-json\/wp\/v2\/users\/1"}],"replies":[{"embeddable":true,"href":"https:\/\/vinabric.com\/it\/wp-json\/wp\/v2\/comments?post=90"}],"version-history":[{"count":94,"href":"https:\/\/vinabric.com\/it\/wp-json\/wp\/v2\/pages\/90\/revisions"}],"predecessor-version":[{"id":1449,"href":"https:\/\/vinabric.com\/it\/wp-json\/wp\/v2\/pages\/90\/revisions\/1449"}],"wp:attachment":[{"href":"https:\/\/vinabric.com\/it\/wp-json\/wp\/v2\/media?parent=90"}],"curies":[{"name":"wp","href":"https:\/\/api.w.org\/{rel}","templated":true}]}}